{"id":4,"date":"2016-04-02T23:05:41","date_gmt":"2016-04-02T23:05:41","guid":{"rendered":"http:\/\/yellingstone.info\/?page_id=4"},"modified":"2026-02-13T03:43:15","modified_gmt":"2026-02-13T02:43:15","slug":"%e5%85%b3%e4%ba%8e%e6%88%91","status":"publish","type":"page","link":"http:\/\/yellingstone.info\/","title":{"rendered":"\u5173\u4e8e"},"content":{"rendered":"<p style=\"text-align: justify;\">\u6c88\u7389\u5b81\uff0c\u975e\u6d32\u8bed\u8a00\u5b66\u6587\u5b66\u7855\u58eb\uff0c\u6c49\u5821\u5927\u5b66\u535a\u58eb\u5019\u9009\u4eba\uff0c\u6d59\u6c5f\u5e08\u8303\u5927\u5b66\u975e\u6d32\u7814\u7a76\u9662\u7684\u7279\u8058\u7814\u7a76\u5458\u3002\u4e2d\u5c71\u5927\u5b66\u5fb7\u8bed\u672c\u79d1\u6bd5\u4e1a\uff0c\u63a5\u7740\u5728\u5fb7\u56fd\u6c49\u5821\u5927\u5b66\u5206\u522b\u5b8c\u6210\u975e\u6d32\u8bed\u8a00\u5b66\u672c\u79d1\u548c\u7855\u58eb\u5b66\u4e1a\uff0c2018-2026\u5e74\u5b8c\u6210\u7559\u57fa\u59d4\u7684\u5168\u5956\u535a\u58eb\u9879\u76ee\u201c\u8bed\u6599\u5e93\u4e3a\u57fa\u7840\u7684\u4e1c\u90e8\u73ed\u56fe\u8bed\u5206\u7c7b\u7814\u7a76\u201d\u3002\u867d\u7136\u4e5f\u501f\u52a9\u7f16\u7a0b\u8bed\u8a00\u8bd5\u56fe\u4f7f\u975e\u6d32\u8bed\u8a00\u5b66\u7814\u7a76\u66f4\u6709\u6548\u7387\uff0c\u4f46\u5bf9\u5927\u6570\u636e\u3001\u673a\u5668\u5b66\u4e60\uff08\u7279\u522b\u662f\u65e0\u4eba\u63a7\u7684\u5b66\u4e60\uff09\u7b49\u6982\u5ff5\u6781\u5ea6\u8c28\u614e\u3002\u7f16\u5199\u8fc7\u4e00\u672c\u65af\u74e6\u5e0c\u91cc\u8bed\uff08\u4e1c\u975e\u3001\u4e2d\u975e\u6700\u91cd\u8981\u7684\u4ea4\u9645\u8bed\u8a00\uff09\u7ffb\u8bd1\u6210\u6c49\u8bed\u7684<a href=\"http:\/\/www.siwaxili.com\">\u8bcd\u5178<\/a>\u3002\u6709\u65f6\u4e5f\u5728\u7ebf\u4e0a\u6559\u65af\u74e6\u5e0c\u91cc\u8bed\u3002<\/p>\n<p style=\"text-align: justify;\"><a href=\"http:\/\/yellingstone.info\/wp-content\/uploads\/2019\/11\/WeChat-Image_20191014112859-2.jpg\"><img decoding=\"async\" loading=\"lazy\" class=\"size-thumbnail wp-image-1828 alignleft\" src=\"http:\/\/yellingstone.info\/wp-content\/uploads\/2019\/11\/WeChat-Image_20191014112859-2.jpg\" alt=\"\" width=\"150\" height=\"150\"><\/a><\/p>\n<p>ynshen@outlook.com<br \/>\nWeChat\uff1a1418779063<\/p>\n<p>\u6c88\u7389\u5b81 2015 (2014). <em>\u65b0\u7f16\u65af\u6c49\u8bcd\u5178\uff08\u5728\u7ebf\u7248\uff09<\/em>. http:\/\/siwaxili.com [Shen, Yuning 2015 (2014). <em>Kamusi Mpya ya Kiswahili-Kichina (Toleo kwenye Intaneti)<\/em>. http:\/\/siwaxili.com]<\/p>\n<p>Shen, Yuning 2018. <em>Transitivit\u00e4t und Verbvalenz im Swahili: Eine korpusbasierte Analyse \u2013 with an English Summary<\/em>. K\u00f6ln: R\u00fcdiger K\u00f6ppe.<\/p>\n<p>Shen, Yuning 2019. Kiambishi Ki- cha Kiswahili Sanifu: Pendekezo la Mwelekeo Mpya Katika Uchanganuzi Na Ufundishaji Wake. <em>Jarida la Kimataifa la Isimu ya Kibantu (JAKIKI)<\/em>, Tol. Maalm. (2019). 99-113.<\/p>\n<p>Shen, Yuning 2020. Ken Walibora alivyowaathiri wanafunzi wa kigeni. <em>Taifa Leo<\/em>. Jun 04 2020. Online version: https:\/\/taifaleo.nation.co.ke\/?p=53080 [24.06.2020]<\/p>\n","protected":false},"excerpt":{"rendered":"<p>\u6c88\u7389\u5b81\uff0c\u975e\u6d32\u8bed\u8a00\u5b66\u6587\u5b66\u7855\u58eb\uff0c\u6c49\u5821\u5927\u5b66\u535a\u58eb\u5019\u9009\u4eba\uff0c\u6d59\u6c5f\u5e08\u8303\u5927\u5b66\u975e\u6d32\u7814\u7a76\u9662\u7684\u7279\u8058\u7814\u7a76\u5458\u3002\u4e2d\u5c71\u5927\u5b66\u5fb7\u8bed\u672c\u79d1\u6bd5\u4e1a\uff0c\u63a5\u7740\u5728\u5fb7\u56fd\u6c49\u5821\u5927\u5b66\u5206\u522b\u5b8c\u6210\u975e\u6d32\u8bed\u8a00\u5b66\u672c\u79d1\u548c\u7855\u58eb\u5b66\u4e1a\uff0c2018-2026\u5e74\u5b8c\u6210\u7559\u57fa\u59d4\u7684\u5168\u5956\u535a\u58eb\u9879\u76ee\u201c\u8bed\u6599\u5e93\u4e3a\u57fa\u7840\u7684\u4e1c\u90e8\u73ed\u56fe\u8bed\u5206\u7c7b\u7814\u7a76\u201d\u3002\u867d\u7136\u4e5f\u501f\u52a9\u7f16\u7a0b\u8bed\u8a00\u8bd5\u56fe\u4f7f\u975e\u6d32\u8bed\u8a00\u5b66\u7814\u7a76\u66f4\u6709\u6548\u7387\uff0c\u4f46\u5bf9\u5927\u6570\u636e\u3001\u673a\u5668\u5b66\u4e60\uff08\u7279\u522b\u662f\u65e0\u4eba\u63a7\u7684\u5b66\u4e60\uff09\u7b49\u6982\u5ff5\u6781\u5ea6\u8c28\u614e\u3002\u7f16\u5199\u8fc7\u4e00\u672c\u65af\u74e6\u5e0c\u91cc\u8bed\uff08\u4e1c\u975e\u3001\u4e2d\u975e\u6700\u91cd\u8981\u7684\u4ea4\u9645\u8bed\u8a00\uff09\u7ffb\u8bd1\u6210\u6c49\u8bed\u7684\u8bcd\u5178\u3002\u6709\u65f6\u4e5f\u5728\u7ebf\u4e0a\u6559\u65af\u74e6\u5e0c\u91cc\u8bed\u3002 ynshen@outlook.com WeChat\uff1a1418779063 \u6c88\u7389\u5b81 2015 (2014). \u65b0\u7f16\u65af\u6c49\u8bcd\u5178\uff08\u5728\u7ebf\u7248\uff09. http:\/\/siwaxili.com [Shen, Yuning 2015 (2014). Kamusi Mpya ya Kiswahili-Kichina (Toleo kwenye Intaneti). http:\/\/siwaxili.com] Shen, Yuning 2018. Transitivit\u00e4t und Verbvalenz im Swahili: Eine korpusbasierte Analyse \u2013 with an English Summary. K\u00f6ln: R\u00fcdiger K\u00f6ppe. Shen, Yuning 2019. Kiambishi Ki- cha Kiswahili Sanifu: Pendekezo la Mwelekeo Mpya Katika Uchanganuzi Na Ufundishaji <a class=\"read-more\" href=\"http:\/\/yellingstone.info\/\">&hellip;&nbsp;<span class=\"meta-nav\">&rarr;<\/span><\/a><\/p>\n","protected":false},"author":1,"featured_media":0,"parent":0,"menu_order":0,"comment_status":"closed","ping_status":"closed","template":"","meta":[],"_links":{"self":[{"href":"http:\/\/yellingstone.info\/index.php?rest_route=\/wp\/v2\/pages\/4"}],"collection":[{"href":"http:\/\/yellingstone.info\/index.php?rest_route=\/wp\/v2\/pages"}],"about":[{"href":"http:\/\/yellingstone.info\/index.php?rest_route=\/wp\/v2\/types\/page"}],"author":[{"embeddable":true,"href":"http:\/\/yellingstone.info\/index.php?rest_route=\/wp\/v2\/users\/1"}],"replies":[{"embeddable":true,"href":"http:\/\/yellingstone.info\/index.php?rest_route=%2Fwp%2Fv2%2Fcomments&post=4"}],"version-history":[{"count":6,"href":"http:\/\/yellingstone.info\/index.php?rest_route=\/wp\/v2\/pages\/4\/revisions"}],"predecessor-version":[{"id":3441,"href":"http:\/\/yellingstone.info\/index.php?rest_route=\/wp\/v2\/pages\/4\/revisions\/3441"}],"wp:attachment":[{"href":"http:\/\/yellingstone.info\/index.php?rest_route=%2Fwp%2Fv2%2Fmedia&parent=4"}],"curies":[{"name":"wp","href":"https:\/\/api.w.org\/{rel}","templated":true}]}}